{"id":219,"date":"2025-08-20T06:33:29","date_gmt":"2025-08-20T03:33:29","guid":{"rendered":"http:\/\/www.azrpi.com\/elaq%c9%99\/"},"modified":"2025-09-04T07:20:12","modified_gmt":"2025-09-04T04:20:12","slug":"elaq%c9%99","status":"publish","type":"page","link":"https:\/\/www.azrpi.com\/az\/elaq%c9%99\/","title":{"rendered":"\u018flaq\u0259"},"content":{"rendered":"\n<p><strong>\u00abAzRosProm\u0130nvest\u00bb MMC<\/strong><\/p>\n\n<p>Az\u0259rbaycan Respublikas\u0131<\/p>\n\n<p>AZ 3518 Qazax rayonu, Da\u015f Salahl\u0131 k\u0259ndi<\/p>\n\n<p>Q\u0259bul ota\u011f\u0131 : <a href=\"tel:+994222978084\">+99422 2978 084<\/a><\/p>\n\n<p>Sat\u0131\u015f xidm\u0259ti: <a href=\"tel:+994222974326\">+99422 2974 326<\/a><\/p>\n\n<p>E-mail: <a href=\"mailto:info@azrpi.com\">info@azrpi.com<\/a>, <a href=\"mailto:bentonit@azrpi.com\">bentonit@azrpi.com<\/a><\/p>\n\n<p><\/p>\n","protected":false},"excerpt":{"rendered":"\u00abAzRosProm\u0130nvest\u00bb MMC Az\u0259rbaycan Respublikas\u0131 AZ 3518 Qazax rayonu, Da\u015f Salahl\u0131 k\u0259ndi Q\u0259bul ota\u011f\u0131 : +99422 2978 084 Sat\u0131\u015f xidm\u0259ti: +99422 2974 326 E-mail: info@azrpi.com, bentonit@azrpi.com","protected":false},"author":1,"featured_media":0,"parent":0,"menu_order":0,"comment_status":"closed","ping_status":"closed","template":"","meta":{"_acf_changed":false,"footnotes":""},"class_list":["post-219","page","type-page","status-publish","hentry"],"acf":[],"yoast_head":"<!-- This site is optimized with the Yoast SEO plugin v26.1.1 - https:\/\/yoast.com\/wordpress\/plugins\/seo\/ -->\n<title>\u018flaq\u0259 - Azerbaijan-Russian Joint Venture \u00abAzRosPromInvest\u00bb<\/title>\n<meta name=\"description\" content=\"\u00abAzRosProm\u0130nvest\u00bb MMC-nin \u0259laq\u0259 m\u0259lumatlar\u0131, \u00fcnvan\u0131, telefon n\u00f6mr\u0259si\" \/>\n<meta name=\"robots\" content=\"index, follow, max-snippet:-1, max-image-preview:large, max-video-preview:-1\" \/>\n<link rel=\"canonical\" href=\"https:\/\/www.azrpi.com\/az\/elaq%c9%99\/\" \/>\n<meta property=\"og:locale\" content=\"az_AZ\" \/>\n<meta property=\"og:type\" content=\"article\" \/>\n<meta property=\"og:title\" content=\"\u018flaq\u0259 - Azerbaijan-Russian Joint Venture \u00abAzRosPromInvest\u00bb\" \/>\n<meta property=\"og:description\" content=\"\u00abAzRosProm\u0130nvest\u00bb MMC-nin \u0259laq\u0259 m\u0259lumatlar\u0131, \u00fcnvan\u0131, telefon n\u00f6mr\u0259si\" \/>\n<meta property=\"og:url\" content=\"https:\/\/www.azrpi.com\/az\/elaq%c9%99\/\" \/>\n<meta property=\"og:site_name\" content=\"Azerbaijan-Russian Joint Venture \u00abAzRosPromInvest\u00bb\" \/>\n<meta property=\"article:modified_time\" content=\"2025-09-04T04:20:12+00:00\" \/>\n<script type=\"application\/ld+json\" class=\"yoast-schema-graph\">{\"@context\":\"https:\/\/schema.org\",\"@graph\":[{\"@type\":\"WebPage\",\"@id\":\"https:\/\/www.azrpi.com\/az\/elaq%c9%99\/\",\"url\":\"https:\/\/www.azrpi.com\/az\/elaq%c9%99\/\",\"name\":\"\u018flaq\u0259 - Azerbaijan-Russian Joint Venture \u00abAzRosPromInvest\u00bb\",\"isPartOf\":{\"@id\":\"https:\/\/www.azrpi.com\/az\/#website\"},\"datePublished\":\"2025-08-20T03:33:29+00:00\",\"dateModified\":\"2025-09-04T04:20:12+00:00\",\"description\":\"\u00abAzRosProm\u0130nvest\u00bb MMC-nin \u0259laq\u0259 m\u0259lumatlar\u0131, \u00fcnvan\u0131, telefon n\u00f6mr\u0259si\",\"breadcrumb\":{\"@id\":\"https:\/\/www.azrpi.com\/az\/elaq%c9%99\/#breadcrumb\"},\"inLanguage\":\"az\",\"potentialAction\":[{\"@type\":\"ReadAction\",\"target\":[\"https:\/\/www.azrpi.com\/az\/elaq%c9%99\/\"]}]},{\"@type\":\"BreadcrumbList\",\"@id\":\"https:\/\/www.azrpi.com\/az\/elaq%c9%99\/#breadcrumb\",\"itemListElement\":[{\"@type\":\"ListItem\",\"position\":1,\"name\":\"\u0413\u043b\u0430\u0432\u043d\u0430\u044f \u0441\u0442\u0440\u0430\u043d\u0438\u0446\u0430\",\"item\":\"https:\/\/www.azrpi.com\/az\/az%c9%99rbaycan-rusiya-birg%c9%99-mu%c9%99ssis%c9%99si-azrosprominvest\/\"},{\"@type\":\"ListItem\",\"position\":2,\"name\":\"\u018flaq\u0259\"}]},{\"@type\":\"WebSite\",\"@id\":\"https:\/\/www.azrpi.com\/az\/#website\",\"url\":\"https:\/\/www.azrpi.com\/az\/\",\"name\":\"Azerbaijan-Russian Joint Venture \u00abAzRosPromInvest\u00bb\",\"description\":\"\",\"potentialAction\":[{\"@type\":\"SearchAction\",\"target\":{\"@type\":\"EntryPoint\",\"urlTemplate\":\"https:\/\/www.azrpi.com\/az\/?s={search_term_string}\"},\"query-input\":{\"@type\":\"PropertyValueSpecification\",\"valueRequired\":true,\"valueName\":\"search_term_string\"}}],\"inLanguage\":\"az\"}]}<\/script>\n<!-- \/ Yoast SEO plugin. -->","yoast_head_json":{"title":"\u018flaq\u0259 - Azerbaijan-Russian Joint Venture \u00abAzRosPromInvest\u00bb","description":"\u00abAzRosProm\u0130nvest\u00bb MMC-nin \u0259laq\u0259 m\u0259lumatlar\u0131, \u00fcnvan\u0131, telefon n\u00f6mr\u0259si","robots":{"index":"index","follow":"follow","max-snippet":"max-snippet:-1","max-image-preview":"max-image-preview:large","max-video-preview":"max-video-preview:-1"},"canonical":"https:\/\/www.azrpi.com\/az\/elaq%c9%99\/","og_locale":"az_AZ","og_type":"article","og_title":"\u018flaq\u0259 - Azerbaijan-Russian Joint Venture \u00abAzRosPromInvest\u00bb","og_description":"\u00abAzRosProm\u0130nvest\u00bb MMC-nin \u0259laq\u0259 m\u0259lumatlar\u0131, \u00fcnvan\u0131, telefon n\u00f6mr\u0259si","og_url":"https:\/\/www.azrpi.com\/az\/elaq%c9%99\/","og_site_name":"Azerbaijan-Russian Joint Venture \u00abAzRosPromInvest\u00bb","article_modified_time":"2025-09-04T04:20:12+00:00","schema":{"@context":"https:\/\/schema.org","@graph":[{"@type":"WebPage","@id":"https:\/\/www.azrpi.com\/az\/elaq%c9%99\/","url":"https:\/\/www.azrpi.com\/az\/elaq%c9%99\/","name":"\u018flaq\u0259 - Azerbaijan-Russian Joint Venture \u00abAzRosPromInvest\u00bb","isPartOf":{"@id":"https:\/\/www.azrpi.com\/az\/#website"},"datePublished":"2025-08-20T03:33:29+00:00","dateModified":"2025-09-04T04:20:12+00:00","description":"\u00abAzRosProm\u0130nvest\u00bb MMC-nin \u0259laq\u0259 m\u0259lumatlar\u0131, \u00fcnvan\u0131, telefon n\u00f6mr\u0259si","breadcrumb":{"@id":"https:\/\/www.azrpi.com\/az\/elaq%c9%99\/#breadcrumb"},"inLanguage":"az","potentialAction":[{"@type":"ReadAction","target":["https:\/\/www.azrpi.com\/az\/elaq%c9%99\/"]}]},{"@type":"BreadcrumbList","@id":"https:\/\/www.azrpi.com\/az\/elaq%c9%99\/#breadcrumb","itemListElement":[{"@type":"ListItem","position":1,"name":"\u0413\u043b\u0430\u0432\u043d\u0430\u044f \u0441\u0442\u0440\u0430\u043d\u0438\u0446\u0430","item":"https:\/\/www.azrpi.com\/az\/az%c9%99rbaycan-rusiya-birg%c9%99-mu%c9%99ssis%c9%99si-azrosprominvest\/"},{"@type":"ListItem","position":2,"name":"\u018flaq\u0259"}]},{"@type":"WebSite","@id":"https:\/\/www.azrpi.com\/az\/#website","url":"https:\/\/www.azrpi.com\/az\/","name":"Azerbaijan-Russian Joint Venture \u00abAzRosPromInvest\u00bb","description":"","potentialAction":[{"@type":"SearchAction","target":{"@type":"EntryPoint","urlTemplate":"https:\/\/www.azrpi.com\/az\/?s={search_term_string}"},"query-input":{"@type":"PropertyValueSpecification","valueRequired":true,"valueName":"search_term_string"}}],"inLanguage":"az"}]}},"_links":{"self":[{"href":"https:\/\/www.azrpi.com\/az\/wp-json\/wp\/v2\/pages\/219","targetHints":{"allow":["GET"]}}],"collection":[{"href":"https:\/\/www.azrpi.com\/az\/wp-json\/wp\/v2\/pages"}],"about":[{"href":"https:\/\/www.azrpi.com\/az\/wp-json\/wp\/v2\/types\/page"}],"author":[{"embeddable":true,"href":"https:\/\/www.azrpi.com\/az\/wp-json\/wp\/v2\/users\/1"}],"replies":[{"embeddable":true,"href":"https:\/\/www.azrpi.com\/az\/wp-json\/wp\/v2\/comments?post=219"}],"version-history":[{"count":5,"href":"https:\/\/www.azrpi.com\/az\/wp-json\/wp\/v2\/pages\/219\/revisions"}],"predecessor-version":[{"id":405,"href":"https:\/\/www.azrpi.com\/az\/wp-json\/wp\/v2\/pages\/219\/revisions\/405"}],"wp:attachment":[{"href":"https:\/\/www.azrpi.com\/az\/wp-json\/wp\/v2\/media?parent=219"}],"curies":[{"name":"wp","href":"https:\/\/api.w.org\/{rel}","templated":true}]}}