{"id":246,"date":"2025-08-20T06:12:12","date_gmt":"2025-08-20T03:12:12","guid":{"rendered":"http:\/\/www.azrpi.com\/mu%c9%99ssis%c9%99-haqqinda\/missiya\/"},"modified":"2025-10-09T10:49:47","modified_gmt":"2025-10-09T07:49:47","slug":"missiya","status":"publish","type":"page","link":"https:\/\/www.azrpi.com\/az\/mu%c9%99ssis%c9%99-haqqinda\/missiya\/","title":{"rendered":"Missiya"},"content":{"rendered":"\n<p>M\u00fc\u0259ssis\u0259mizin missiyas\u0131 beyn\u0259lxalq standartlara cavab ver\u0259n y\u00fcks\u0259k keyfiyy\u0259tli, ekoloji c\u0259h\u0259td\u0259n t\u0259miz v\u0259 innovativ bentonit \u0259sasl\u0131 m\u0259hsullarla istehlak\u00e7\u0131lar\u0131 t\u0259min etm\u0259kdir. Missiyan\u0131n icras\u0131 biz\u0259 yerl\u0259\u015fm\u0259 regionunda iqtisadi v\u0259 sosial m\u0259qs\u0259dl\u0259ri h\u0259yata ke\u00e7irm\u0259y\u0259 v\u0259 \u0259halinin h\u0259yat s\u0259viyy\u0259sini yax\u015f\u0131la\u015fd\u0131rma\u011fa imkan verir.<\/p>\n\n<!--more-->\n\n<p>Missiyan\u0131 yerin\u0259 yetirm\u0259k v\u0259 strateji m\u0259qs\u0259d\u0259 nail olmaq \u00fc\u00e7\u00fcn m\u00fc\u0259ssis\u0259 korporativ d\u0259y\u0259rl\u0259r\u0259 \u0259saslan\u0131r:<\/p>\n\n<ul class=\"wp-block-list\">\n<li><strong>\u018fm\u0259yin qiym\u0259tl\u0259ndirilm\u0259sind\u0259 \u0259dal\u0259t v\u0259 obyektivlik &#8211;<\/strong> m\u00fc\u0259ssis\u0259 kadrlar\u0131n maddi h\u0259v\u0259sl\u0259ndirm\u0259 sistemini daim t\u0259kmill\u0259\u015fdirir, H\u0259r bir i\u015f\u00e7inin pe\u015f\u0259kar v\u0259 yarad\u0131c\u0131 potensial\u0131n\u0131n realla\u015fd\u0131r\u0131lmas\u0131 \u00fc\u00e7\u00fcn imkanlar yarad\u0131r, t\u0259\u015f\u0259bb\u00fcs\u00fc, innovasiya t\u0259klifl\u0259rini v\u0259 yeni ideyalar\u0131 d\u0259st\u0259kl\u0259yir;<\/li>\n\n\n\n<li><strong>G\u0259na\u0259tcillik &#8211;<\/strong> h\u0259r bir i\u015f\u00e7i resurslardan q\u0259na\u0259tl\u0259 v\u0259 s\u0259m\u0259r\u0259li istifad\u0259y\u0259, m\u00fc\u0259ssis\u0259nin \u0259mlak\u0131n\u0131n qoruyub saxlanmas\u0131na cavabdehdir;<\/li>\n\n\n\n<li><strong>\u018fm\u0259yin t\u0259hl\u00fck\u0259sizliyi<\/strong> &#8211; \u0130\u015f\u00e7il\u0259rin t\u0259hl\u00fck\u0259sizliyi m\u00fc\u0259ssis\u0259nin \u0259sas prioritetidir. \u0130\u015f el\u0259 qurulub ki, insanlar\u0131n sa\u011flaml\u0131\u011f\u0131na v\u0259 h\u0259yat\u0131na z\u0259r\u0259r d\u0259ym\u0259sin. H\u0259r bir i\u015f\u00e7i \u00f6z\u00fcn\u00fcn v\u0259 h\u0259mkarlar\u0131n\u0131n t\u0259hl\u00fck\u0259sizliyin\u0259 cavabdehdir;   <\/li>\n\n\n\n<li><strong>Birlik<\/strong> m\u00fc\u0259ssis\u0259d\u0259 yax\u015f\u0131 \u0259laq\u0259l\u0259ndirilmi\u015f vahid bir komanda i\u015fl\u0259yir. M\u00fc\u0259ssis\u0259nin \u00e7\u0259tinlikl\u0259ri v\u0259 yaranan probleml\u0259ri birlikd\u0259 h\u0259ll olunur. Bir-birin\u0259 qar\u015f\u0131 diqq\u0259t, t\u0259m\u0259nnas\u0131z yard\u0131m v\u0259 qay\u011f\u0131 bir-biri il\u0259 \u00fcnsiyy\u0259td\u0259 \u0259sas qaydalard\u0131r.<\/li>\n<\/ul>\n<div class=\"wp-block-image\">\n<figure class=\"aligncenter size-full\"><img decoding=\"async\" src=\"https:\/\/www.azrpi.com\/wp-content\/uploads\/2025\/08\/missiya-1-scaled.png\" alt=\"\" class=\"wp-image-367\"\/><\/figure>\n<\/div>\n<p>M\u00fc\u0259ssis\u0259 \u00f6z prioritetl\u0259rin\u0259 \u0259m\u0259l etm\u0259kl\u0259 v\u0259 \u00f6z d\u0259y\u0259r sistemi \u0259sas\u0131nda h\u0259r\u0259k\u0259t etm\u0259kl\u0259 m\u0259qs\u0259dl\u0259rin\u0259 \u00e7ataca\u011f\u0131na, i\u015f\u00e7il\u0259ri is\u0259 onun r\u0259qab\u0259t \u00fcst\u00fcnl\u00fcy\u00fcn\u00fcn t\u0259m\u0259li olaca\u011f\u0131na \u0259mindir.<\/p>\n","protected":false},"excerpt":{"rendered":"M\u00fc\u0259ssis\u0259mizin missiyas\u0131 beyn\u0259lxalq standartlara cavab ver\u0259n y\u00fcks\u0259k keyfiyy\u0259tli, ekoloji c\u0259h\u0259td\u0259n t\u0259miz v\u0259 innovativ bentonit \u0259sasl\u0131 m\u0259hsullarla istehlak\u00e7\u0131lar\u0131 t\u0259min etm\u0259kdir. Missiyan\u0131n icras\u0131 biz\u0259 yerl\u0259\u015fm\u0259 regionunda iqtisadi v\u0259 sosial m\u0259qs\u0259dl\u0259ri h\u0259yata ke\u00e7irm\u0259y\u0259 v\u0259 \u0259halinin h\u0259yat s\u0259viyy\u0259sini yax\u015f\u0131la\u015fd\u0131rma\u011fa imkan verir.","protected":false},"author":1,"featured_media":0,"parent":200,"menu_order":1,"comment_status":"closed","ping_status":"closed","template":"","meta":{"_acf_changed":false,"footnotes":""},"class_list":["post-246","page","type-page","status-publish","hentry"],"acf":[],"yoast_head":"<!-- This site is optimized with the Yoast SEO plugin v26.1.1 - https:\/\/yoast.com\/wordpress\/plugins\/seo\/ -->\n<title>Missiya - Azerbaijan-Russian Joint Venture \u00abAzRosPromInvest\u00bb<\/title>\n<meta name=\"description\" content=\"AzRosPromInvest \u2013 keyfiyy\u0259tli, ekoloji c\u0259h\u0259td\u0259n t\u0259miz v\u0259 innovativ bentonit m\u0259hsullar\u0131. T\u0259hl\u00fck\u0259sizlik, birlik, regionun v\u0259 i\u015f\u00e7il\u0259rin inki\u015faf\u0131.\" \/>\n<meta name=\"robots\" content=\"index, follow, max-snippet:-1, max-image-preview:large, max-video-preview:-1\" \/>\n<link rel=\"canonical\" href=\"https:\/\/www.azrpi.com\/az\/mu%c9%99ssis%c9%99-haqqinda\/missiya\/\" \/>\n<meta property=\"og:locale\" content=\"az_AZ\" \/>\n<meta property=\"og:type\" content=\"article\" \/>\n<meta property=\"og:title\" content=\"Missiya - Azerbaijan-Russian Joint Venture \u00abAzRosPromInvest\u00bb\" \/>\n<meta property=\"og:description\" content=\"AzRosPromInvest \u2013 keyfiyy\u0259tli, ekoloji c\u0259h\u0259td\u0259n t\u0259miz v\u0259 innovativ bentonit m\u0259hsullar\u0131. T\u0259hl\u00fck\u0259sizlik, birlik, regionun v\u0259 i\u015f\u00e7il\u0259rin inki\u015faf\u0131.\" \/>\n<meta property=\"og:url\" content=\"https:\/\/www.azrpi.com\/az\/mu%c9%99ssis%c9%99-haqqinda\/missiya\/\" \/>\n<meta property=\"og:site_name\" content=\"Azerbaijan-Russian Joint Venture \u00abAzRosPromInvest\u00bb\" \/>\n<meta property=\"article:modified_time\" content=\"2025-10-09T07:49:47+00:00\" \/>\n<meta property=\"og:image\" content=\"http:\/\/www.azrpi.com\/wp-content\/uploads\/2025\/08\/mission-scaled.png\" \/>\n<script type=\"application\/ld+json\" class=\"yoast-schema-graph\">{\"@context\":\"https:\/\/schema.org\",\"@graph\":[{\"@type\":\"WebPage\",\"@id\":\"https:\/\/www.azrpi.com\/az\/mu%c9%99ssis%c9%99-haqqinda\/missiya\/\",\"url\":\"https:\/\/www.azrpi.com\/az\/mu%c9%99ssis%c9%99-haqqinda\/missiya\/\",\"name\":\"Missiya - Azerbaijan-Russian Joint Venture \u00abAzRosPromInvest\u00bb\",\"isPartOf\":{\"@id\":\"https:\/\/www.azrpi.com\/az\/#website\"},\"primaryImageOfPage\":{\"@id\":\"https:\/\/www.azrpi.com\/az\/mu%c9%99ssis%c9%99-haqqinda\/missiya\/#primaryimage\"},\"image\":{\"@id\":\"https:\/\/www.azrpi.com\/az\/mu%c9%99ssis%c9%99-haqqinda\/missiya\/#primaryimage\"},\"thumbnailUrl\":\"https:\/\/www.azrpi.com\/wp-content\/uploads\/2025\/08\/missiya-1-scaled.png\",\"datePublished\":\"2025-08-20T03:12:12+00:00\",\"dateModified\":\"2025-10-09T07:49:47+00:00\",\"description\":\"AzRosPromInvest \u2013 keyfiyy\u0259tli, ekoloji c\u0259h\u0259td\u0259n t\u0259miz v\u0259 innovativ bentonit m\u0259hsullar\u0131. T\u0259hl\u00fck\u0259sizlik, birlik, regionun v\u0259 i\u015f\u00e7il\u0259rin inki\u015faf\u0131.\",\"breadcrumb\":{\"@id\":\"https:\/\/www.azrpi.com\/az\/mu%c9%99ssis%c9%99-haqqinda\/missiya\/#breadcrumb\"},\"inLanguage\":\"az\",\"potentialAction\":[{\"@type\":\"ReadAction\",\"target\":[\"https:\/\/www.azrpi.com\/az\/mu%c9%99ssis%c9%99-haqqinda\/missiya\/\"]}]},{\"@type\":\"ImageObject\",\"inLanguage\":\"az\",\"@id\":\"https:\/\/www.azrpi.com\/az\/mu%c9%99ssis%c9%99-haqqinda\/missiya\/#primaryimage\",\"url\":\"https:\/\/www.azrpi.com\/wp-content\/uploads\/2025\/08\/missiya-1-scaled.png\",\"contentUrl\":\"https:\/\/www.azrpi.com\/wp-content\/uploads\/2025\/08\/missiya-1-scaled.png\"},{\"@type\":\"BreadcrumbList\",\"@id\":\"https:\/\/www.azrpi.com\/az\/mu%c9%99ssis%c9%99-haqqinda\/missiya\/#breadcrumb\",\"itemListElement\":[{\"@type\":\"ListItem\",\"position\":1,\"name\":\"\u0413\u043b\u0430\u0432\u043d\u0430\u044f \u0441\u0442\u0440\u0430\u043d\u0438\u0446\u0430\",\"item\":\"https:\/\/www.azrpi.com\/az\/az%c9%99rbaycan-rusiya-birg%c9%99-mu%c9%99ssis%c9%99si-azrosprominvest\/\"},{\"@type\":\"ListItem\",\"position\":2,\"name\":\"M\u00fc\u0259ssis\u0259 haqq\u0131nda\",\"item\":\"https:\/\/www.azrpi.com\/az\/mu%c9%99ssis%c9%99-haqqinda\/\"},{\"@type\":\"ListItem\",\"position\":3,\"name\":\"Missiya\"}]},{\"@type\":\"WebSite\",\"@id\":\"https:\/\/www.azrpi.com\/az\/#website\",\"url\":\"https:\/\/www.azrpi.com\/az\/\",\"name\":\"Azerbaijan-Russian Joint Venture \u00abAzRosPromInvest\u00bb\",\"description\":\"\",\"potentialAction\":[{\"@type\":\"SearchAction\",\"target\":{\"@type\":\"EntryPoint\",\"urlTemplate\":\"https:\/\/www.azrpi.com\/az\/?s={search_term_string}\"},\"query-input\":{\"@type\":\"PropertyValueSpecification\",\"valueRequired\":true,\"valueName\":\"search_term_string\"}}],\"inLanguage\":\"az\"}]}<\/script>\n<!-- \/ Yoast SEO plugin. -->","yoast_head_json":{"title":"Missiya - Azerbaijan-Russian Joint Venture \u00abAzRosPromInvest\u00bb","description":"AzRosPromInvest \u2013 keyfiyy\u0259tli, ekoloji c\u0259h\u0259td\u0259n t\u0259miz v\u0259 innovativ bentonit m\u0259hsullar\u0131. T\u0259hl\u00fck\u0259sizlik, birlik, regionun v\u0259 i\u015f\u00e7il\u0259rin inki\u015faf\u0131.","robots":{"index":"index","follow":"follow","max-snippet":"max-snippet:-1","max-image-preview":"max-image-preview:large","max-video-preview":"max-video-preview:-1"},"canonical":"https:\/\/www.azrpi.com\/az\/mu%c9%99ssis%c9%99-haqqinda\/missiya\/","og_locale":"az_AZ","og_type":"article","og_title":"Missiya - Azerbaijan-Russian Joint Venture \u00abAzRosPromInvest\u00bb","og_description":"AzRosPromInvest \u2013 keyfiyy\u0259tli, ekoloji c\u0259h\u0259td\u0259n t\u0259miz v\u0259 innovativ bentonit m\u0259hsullar\u0131. T\u0259hl\u00fck\u0259sizlik, birlik, regionun v\u0259 i\u015f\u00e7il\u0259rin inki\u015faf\u0131.","og_url":"https:\/\/www.azrpi.com\/az\/mu%c9%99ssis%c9%99-haqqinda\/missiya\/","og_site_name":"Azerbaijan-Russian Joint Venture \u00abAzRosPromInvest\u00bb","article_modified_time":"2025-10-09T07:49:47+00:00","og_image":[{"url":"http:\/\/www.azrpi.com\/wp-content\/uploads\/2025\/08\/mission-scaled.png","type":"","width":"","height":""}],"schema":{"@context":"https:\/\/schema.org","@graph":[{"@type":"WebPage","@id":"https:\/\/www.azrpi.com\/az\/mu%c9%99ssis%c9%99-haqqinda\/missiya\/","url":"https:\/\/www.azrpi.com\/az\/mu%c9%99ssis%c9%99-haqqinda\/missiya\/","name":"Missiya - Azerbaijan-Russian Joint Venture \u00abAzRosPromInvest\u00bb","isPartOf":{"@id":"https:\/\/www.azrpi.com\/az\/#website"},"primaryImageOfPage":{"@id":"https:\/\/www.azrpi.com\/az\/mu%c9%99ssis%c9%99-haqqinda\/missiya\/#primaryimage"},"image":{"@id":"https:\/\/www.azrpi.com\/az\/mu%c9%99ssis%c9%99-haqqinda\/missiya\/#primaryimage"},"thumbnailUrl":"https:\/\/www.azrpi.com\/wp-content\/uploads\/2025\/08\/missiya-1-scaled.png","datePublished":"2025-08-20T03:12:12+00:00","dateModified":"2025-10-09T07:49:47+00:00","description":"AzRosPromInvest \u2013 keyfiyy\u0259tli, ekoloji c\u0259h\u0259td\u0259n t\u0259miz v\u0259 innovativ bentonit m\u0259hsullar\u0131. T\u0259hl\u00fck\u0259sizlik, birlik, regionun v\u0259 i\u015f\u00e7il\u0259rin inki\u015faf\u0131.","breadcrumb":{"@id":"https:\/\/www.azrpi.com\/az\/mu%c9%99ssis%c9%99-haqqinda\/missiya\/#breadcrumb"},"inLanguage":"az","potentialAction":[{"@type":"ReadAction","target":["https:\/\/www.azrpi.com\/az\/mu%c9%99ssis%c9%99-haqqinda\/missiya\/"]}]},{"@type":"ImageObject","inLanguage":"az","@id":"https:\/\/www.azrpi.com\/az\/mu%c9%99ssis%c9%99-haqqinda\/missiya\/#primaryimage","url":"https:\/\/www.azrpi.com\/wp-content\/uploads\/2025\/08\/missiya-1-scaled.png","contentUrl":"https:\/\/www.azrpi.com\/wp-content\/uploads\/2025\/08\/missiya-1-scaled.png"},{"@type":"BreadcrumbList","@id":"https:\/\/www.azrpi.com\/az\/mu%c9%99ssis%c9%99-haqqinda\/missiya\/#breadcrumb","itemListElement":[{"@type":"ListItem","position":1,"name":"\u0413\u043b\u0430\u0432\u043d\u0430\u044f \u0441\u0442\u0440\u0430\u043d\u0438\u0446\u0430","item":"https:\/\/www.azrpi.com\/az\/az%c9%99rbaycan-rusiya-birg%c9%99-mu%c9%99ssis%c9%99si-azrosprominvest\/"},{"@type":"ListItem","position":2,"name":"M\u00fc\u0259ssis\u0259 haqq\u0131nda","item":"https:\/\/www.azrpi.com\/az\/mu%c9%99ssis%c9%99-haqqinda\/"},{"@type":"ListItem","position":3,"name":"Missiya"}]},{"@type":"WebSite","@id":"https:\/\/www.azrpi.com\/az\/#website","url":"https:\/\/www.azrpi.com\/az\/","name":"Azerbaijan-Russian Joint Venture \u00abAzRosPromInvest\u00bb","description":"","potentialAction":[{"@type":"SearchAction","target":{"@type":"EntryPoint","urlTemplate":"https:\/\/www.azrpi.com\/az\/?s={search_term_string}"},"query-input":{"@type":"PropertyValueSpecification","valueRequired":true,"valueName":"search_term_string"}}],"inLanguage":"az"}]}},"_links":{"self":[{"href":"https:\/\/www.azrpi.com\/az\/wp-json\/wp\/v2\/pages\/246","targetHints":{"allow":["GET"]}}],"collection":[{"href":"https:\/\/www.azrpi.com\/az\/wp-json\/wp\/v2\/pages"}],"about":[{"href":"https:\/\/www.azrpi.com\/az\/wp-json\/wp\/v2\/types\/page"}],"author":[{"embeddable":true,"href":"https:\/\/www.azrpi.com\/az\/wp-json\/wp\/v2\/users\/1"}],"replies":[{"embeddable":true,"href":"https:\/\/www.azrpi.com\/az\/wp-json\/wp\/v2\/comments?post=246"}],"version-history":[{"count":7,"href":"https:\/\/www.azrpi.com\/az\/wp-json\/wp\/v2\/pages\/246\/revisions"}],"predecessor-version":[{"id":521,"href":"https:\/\/www.azrpi.com\/az\/wp-json\/wp\/v2\/pages\/246\/revisions\/521"}],"up":[{"embeddable":true,"href":"https:\/\/www.azrpi.com\/az\/wp-json\/wp\/v2\/pages\/200"}],"wp:attachment":[{"href":"https:\/\/www.azrpi.com\/az\/wp-json\/wp\/v2\/media?parent=246"}],"curies":[{"name":"wp","href":"https:\/\/api.w.org\/{rel}","templated":true}]}}