{"id":248,"date":"2025-08-20T06:13:17","date_gmt":"2025-08-20T03:13:17","guid":{"rendered":"http:\/\/www.azrpi.com\/mu%c9%99ssis%c9%99-haqqinda\/mu%c9%99ssis%c9%99nin-inkisaf-tarixi\/"},"modified":"2025-10-09T09:30:33","modified_gmt":"2025-10-09T06:30:33","slug":"mu%c9%99ssis%c9%99nin-inkisaf-tarixi","status":"publish","type":"page","link":"https:\/\/www.azrpi.com\/az\/mu%c9%99ssis%c9%99-haqqinda\/mu%c9%99ssis%c9%99nin-inkisaf-tarixi\/","title":{"rendered":"M\u00fc\u0259ssis\u0259nin inki\u015faf tarixi"},"content":{"rendered":"\n<p>1965-ci ild\u0259 Az\u0259rbaycan Respublikas\u0131n\u0131n Qazax rayonu \u0259razisind\u0259, Da\u015f Salahl\u0131 k\u0259ndi yax\u0131nl\u0131\u011f\u0131nda yerl\u0259\u015f\u0259n t\u0259bii natriumlu \u00abDa\u015f-Salahl\u0131\u00bb bentonit gil yata\u011f\u0131 k\u0259\u015ff edilmi\u015fdir.<\/p>\n\n<!--more-->\n\n<p><strong>2006 <\/strong>\u2013 Da\u015f-Salahl\u0131 bentonit gil yata\u011f\u0131n\u0131n i\u015fl\u0259nm\u0259si \u00fc\u00e7\u00fcn \u00f6z resurslar\u0131n\u0131 birl\u0259\u015fdirm\u0259k q\u0259rar\u0131na g\u0259l\u0259n Rusiyan\u0131n <strong>\u00abBentonit\u00bb Elmi-\u0130stehsalat Birliyi\u00bb MMC<\/strong> v\u0259 Az\u0259rbaycan\u0131n <strong>\u00abDa\u015f Salahl\u0131 Bentonit\u00bb ASC<\/strong> aras\u0131nda \u00abAzRosProm\u0130nvest\u00bb MMC Az\u0259rbaycan-Rusiya birg\u0259 m\u00fc\u0259ssis\u0259sinin yarad\u0131lmas\u0131 haqq\u0131nda sazi\u015f imzalan\u0131b.<\/p>\n\n<p><strong>2007 <\/strong>\u2013 Az\u0259rbaycan Respublikas\u0131n\u0131n Prezidenti C\u0259nab \u0130lham \u018fliyevin i\u015ftirak\u0131 il\u0259 zavodun birinci m\u0259rh\u0259l\u0259sinin t\u0259nt\u0259n\u0259li a\u00e7\u0131l\u0131\u015f\u0131 ba\u015f tutdu. Bentonit gili emal\u0131 zavodu rekord q\u0131sa m\u00fcdd\u0259td\u0259 tikilib. El\u0259 h\u0259min il gilin aktivl\u0259\u015fdirm\u0259 x\u0259tti i\u015f\u0259 sal\u0131nd\u0131 \u200b\u200bv\u0259 istehlak\u00e7\u0131lara t\u0259bii v\u0259 aktivl\u0259\u015fdirilmi\u015f gilin m\u00fcnt\u0259z\u0259m t\u0259dar\u00fck\u00fcn\u0259 ba\u015flan\u0131ld\u0131.<\/p>\n\n<p><strong>2008 <\/strong>\u2013 Qurutma v\u0259 \u00fcy\u00fctm\u0259 sexi d\u0259 daxil olmaqla, gil tozunun istehsal\u0131 \u00fczr\u0259 texnoloji x\u0259tt i\u015f\u0259 sal\u0131nd\u0131.<\/p>\n\n<p><strong>2009 <\/strong>\u2013 Rusiya v\u0259 Belarusiyadak\u0131 t\u00f6km\u0259 zavodlar\u0131na benonit tozlar\u0131n m\u00fcnt\u0259z\u0259m t\u0259dar\u00fck\u00fcn\u0259 ba\u015flan\u0131ld\u0131.<\/p>\n\n<p><strong>2010 <\/strong>\u2013 Rusiyan\u0131n da\u011f-safla\u015fd\u0131r\u0131c\u0131 kombinatlar\u0131na illik 50 min ton bentonit m\u0259hsullar\u0131n\u0131n sabit t\u0259dar\u00fck\u00fcn\u0259 nail olunub.<\/p>\n\n<p><strong>2011 <\/strong>\u2013 Zavod laboratoriyas\u0131n\u0131n \u0130SO 9001-2008 keyfiyy\u0259t standart\u0131 \u00fczr\u0259 sertifikatla\u015fd\u0131r\u0131lmas\u0131.<\/p>\n\n<p><strong>2012 <\/strong>\u2013 Bentonit tozlar\u0131n\u0131n daxili bazara m\u00fcnt\u0259z\u0259m t\u0259dar\u00fck\u00fcn\u0259 ba\u015flan\u0131l\u0131b. Qazma \u00fc\u00e7\u00fcn gil tozunun \u00abSocar\u00bb D\u00f6vl\u0259t Neft \u015eirk\u0259tin\u0259 g\u00f6nd\u0259rilm\u0259si \u00fc\u00e7\u00fcn uzunm\u00fcdd\u0259tli m\u00fcqavil\u0259 imzaland\u0131.<\/p>\n\n<p><strong>2013 <\/strong>\u2013 \u0130llik m\u0259hsul t\u0259dar\u00fck h\u0259cmi iki d\u0259f\u0259 artaraq 100 min ton t\u0259\u015fkil edib.<\/p>\n\n<p><strong>2016 <\/strong>\u2013 Q\u0259rb bazar\u0131na, ilk n\u00f6vb\u0259d\u0259 \u0130taliya v\u0259 Pol\u015faya aktiv t\u0259dar\u00fckl\u0259rin ba\u015flanmas\u0131.<\/p>\n\n<p><strong>2017 <\/strong>\u2013 Bentonit qranullar\u0131n\u0131n istehsal\u0131 \u00fc\u00e7\u00fcn daha bir texnoloji x\u0259tt i\u015f\u0259 sal\u0131nd\u0131.<\/p>\n\n<p><strong>2019 <\/strong>\u2013 \u015e\u0259rqi v\u0259 C\u0259nub-\u015e\u0259rqi Asiyaya (Yaponiya, \u00c7in, \u0130ndoneziya daxil olmaqla) aktiv t\u0259dar\u00fckl\u0259rin ba\u015flanmas\u0131.<\/p>\n\n<p><strong>2024<\/strong> \u2013 M\u0259hsul istehsal\u0131 v\u0259 sat\u0131\u015f\u0131n\u0131n h\u0259cmi ild\u0259 200 min tondan \u00e7ox olmu\u015fdur.<\/p>\n","protected":false},"excerpt":{"rendered":"1965-ci ild\u0259 Az\u0259rbaycan Respublikas\u0131n\u0131n Qazax rayonu \u0259razisind\u0259, Da\u015f Salahl\u0131 k\u0259ndi yax\u0131nl\u0131\u011f\u0131nda yerl\u0259\u015f\u0259n t\u0259bii natriumlu \u00abDa\u015f-Salahl\u0131\u00bb bentonit gil yata\u011f\u0131 k\u0259\u015ff edilmi\u015fdir.","protected":false},"author":1,"featured_media":0,"parent":200,"menu_order":2,"comment_status":"closed","ping_status":"closed","template":"","meta":{"_acf_changed":false,"footnotes":""},"class_list":["post-248","page","type-page","status-publish","hentry"],"acf":[],"yoast_head":"<!-- This site is optimized with the Yoast SEO plugin v26.1.1 - https:\/\/yoast.com\/wordpress\/plugins\/seo\/ -->\n<title>M\u00fc\u0259ssis\u0259nin inki\u015faf tarixi - Azerbaijan-Russian Joint Venture \u00abAzRosPromInvest\u00bb<\/title>\n<meta name=\"description\" content=\"AzRosPromInvest 2006-c\u0131 ild\u0259n etibar\u0259n bentonit hasilat\u0131 v\u0259 emal\u0131 il\u0259 m\u0259\u015f\u011fuldur. MDB, Avropa \u0130ttifaq\u0131 v\u0259 Asiya \u00f6lk\u0259l\u0259rin\u0259 y\u00fckl\u0259m\u0259l\u0259r h\u0259yata ke\u00e7irilir. Y\u00fcks\u0259k keyfiyy\u0259t standartlar\u0131, illik istehsal h\u0259cmi 200 min tondan art\u0131qd\u0131r.\" \/>\n<meta name=\"robots\" content=\"index, follow, max-snippet:-1, max-image-preview:large, max-video-preview:-1\" \/>\n<link rel=\"canonical\" href=\"https:\/\/www.azrpi.com\/az\/mu%c9%99ssis%c9%99-haqqinda\/mu%c9%99ssis%c9%99nin-inkisaf-tarixi\/\" \/>\n<meta property=\"og:locale\" content=\"az_AZ\" \/>\n<meta property=\"og:type\" content=\"article\" \/>\n<meta property=\"og:title\" content=\"M\u00fc\u0259ssis\u0259nin inki\u015faf tarixi - Azerbaijan-Russian Joint Venture \u00abAzRosPromInvest\u00bb\" \/>\n<meta property=\"og:description\" content=\"AzRosPromInvest 2006-c\u0131 ild\u0259n etibar\u0259n bentonit hasilat\u0131 v\u0259 emal\u0131 il\u0259 m\u0259\u015f\u011fuldur. MDB, Avropa \u0130ttifaq\u0131 v\u0259 Asiya \u00f6lk\u0259l\u0259rin\u0259 y\u00fckl\u0259m\u0259l\u0259r h\u0259yata ke\u00e7irilir. Y\u00fcks\u0259k keyfiyy\u0259t standartlar\u0131, illik istehsal h\u0259cmi 200 min tondan art\u0131qd\u0131r.\" \/>\n<meta property=\"og:url\" content=\"https:\/\/www.azrpi.com\/az\/mu%c9%99ssis%c9%99-haqqinda\/mu%c9%99ssis%c9%99nin-inkisaf-tarixi\/\" \/>\n<meta property=\"og:site_name\" content=\"Azerbaijan-Russian Joint Venture \u00abAzRosPromInvest\u00bb\" \/>\n<meta property=\"article:modified_time\" content=\"2025-10-09T06:30:33+00:00\" \/>\n<script type=\"application\/ld+json\" class=\"yoast-schema-graph\">{\"@context\":\"https:\/\/schema.org\",\"@graph\":[{\"@type\":\"WebPage\",\"@id\":\"https:\/\/www.azrpi.com\/az\/mu%c9%99ssis%c9%99-haqqinda\/mu%c9%99ssis%c9%99nin-inkisaf-tarixi\/\",\"url\":\"https:\/\/www.azrpi.com\/az\/mu%c9%99ssis%c9%99-haqqinda\/mu%c9%99ssis%c9%99nin-inkisaf-tarixi\/\",\"name\":\"M\u00fc\u0259ssis\u0259nin inki\u015faf tarixi - Azerbaijan-Russian Joint Venture \u00abAzRosPromInvest\u00bb\",\"isPartOf\":{\"@id\":\"https:\/\/www.azrpi.com\/az\/#website\"},\"datePublished\":\"2025-08-20T03:13:17+00:00\",\"dateModified\":\"2025-10-09T06:30:33+00:00\",\"description\":\"AzRosPromInvest 2006-c\u0131 ild\u0259n etibar\u0259n bentonit hasilat\u0131 v\u0259 emal\u0131 il\u0259 m\u0259\u015f\u011fuldur. MDB, Avropa \u0130ttifaq\u0131 v\u0259 Asiya \u00f6lk\u0259l\u0259rin\u0259 y\u00fckl\u0259m\u0259l\u0259r h\u0259yata ke\u00e7irilir. Y\u00fcks\u0259k keyfiyy\u0259t standartlar\u0131, illik istehsal h\u0259cmi 200 min tondan art\u0131qd\u0131r.\",\"breadcrumb\":{\"@id\":\"https:\/\/www.azrpi.com\/az\/mu%c9%99ssis%c9%99-haqqinda\/mu%c9%99ssis%c9%99nin-inkisaf-tarixi\/#breadcrumb\"},\"inLanguage\":\"az\",\"potentialAction\":[{\"@type\":\"ReadAction\",\"target\":[\"https:\/\/www.azrpi.com\/az\/mu%c9%99ssis%c9%99-haqqinda\/mu%c9%99ssis%c9%99nin-inkisaf-tarixi\/\"]}]},{\"@type\":\"BreadcrumbList\",\"@id\":\"https:\/\/www.azrpi.com\/az\/mu%c9%99ssis%c9%99-haqqinda\/mu%c9%99ssis%c9%99nin-inkisaf-tarixi\/#breadcrumb\",\"itemListElement\":[{\"@type\":\"ListItem\",\"position\":1,\"name\":\"\u0413\u043b\u0430\u0432\u043d\u0430\u044f \u0441\u0442\u0440\u0430\u043d\u0438\u0446\u0430\",\"item\":\"https:\/\/www.azrpi.com\/az\/az%c9%99rbaycan-rusiya-birg%c9%99-mu%c9%99ssis%c9%99si-azrosprominvest\/\"},{\"@type\":\"ListItem\",\"position\":2,\"name\":\"M\u00fc\u0259ssis\u0259 haqq\u0131nda\",\"item\":\"https:\/\/www.azrpi.com\/az\/mu%c9%99ssis%c9%99-haqqinda\/\"},{\"@type\":\"ListItem\",\"position\":3,\"name\":\"M\u00fc\u0259ssis\u0259nin inki\u015faf tarixi\"}]},{\"@type\":\"WebSite\",\"@id\":\"https:\/\/www.azrpi.com\/az\/#website\",\"url\":\"https:\/\/www.azrpi.com\/az\/\",\"name\":\"Azerbaijan-Russian Joint Venture \u00abAzRosPromInvest\u00bb\",\"description\":\"\",\"potentialAction\":[{\"@type\":\"SearchAction\",\"target\":{\"@type\":\"EntryPoint\",\"urlTemplate\":\"https:\/\/www.azrpi.com\/az\/?s={search_term_string}\"},\"query-input\":{\"@type\":\"PropertyValueSpecification\",\"valueRequired\":true,\"valueName\":\"search_term_string\"}}],\"inLanguage\":\"az\"}]}<\/script>\n<!-- \/ Yoast SEO plugin. -->","yoast_head_json":{"title":"M\u00fc\u0259ssis\u0259nin inki\u015faf tarixi - Azerbaijan-Russian Joint Venture \u00abAzRosPromInvest\u00bb","description":"AzRosPromInvest 2006-c\u0131 ild\u0259n etibar\u0259n bentonit hasilat\u0131 v\u0259 emal\u0131 il\u0259 m\u0259\u015f\u011fuldur. MDB, Avropa \u0130ttifaq\u0131 v\u0259 Asiya \u00f6lk\u0259l\u0259rin\u0259 y\u00fckl\u0259m\u0259l\u0259r h\u0259yata ke\u00e7irilir. Y\u00fcks\u0259k keyfiyy\u0259t standartlar\u0131, illik istehsal h\u0259cmi 200 min tondan art\u0131qd\u0131r.","robots":{"index":"index","follow":"follow","max-snippet":"max-snippet:-1","max-image-preview":"max-image-preview:large","max-video-preview":"max-video-preview:-1"},"canonical":"https:\/\/www.azrpi.com\/az\/mu%c9%99ssis%c9%99-haqqinda\/mu%c9%99ssis%c9%99nin-inkisaf-tarixi\/","og_locale":"az_AZ","og_type":"article","og_title":"M\u00fc\u0259ssis\u0259nin inki\u015faf tarixi - Azerbaijan-Russian Joint Venture \u00abAzRosPromInvest\u00bb","og_description":"AzRosPromInvest 2006-c\u0131 ild\u0259n etibar\u0259n bentonit hasilat\u0131 v\u0259 emal\u0131 il\u0259 m\u0259\u015f\u011fuldur. MDB, Avropa \u0130ttifaq\u0131 v\u0259 Asiya \u00f6lk\u0259l\u0259rin\u0259 y\u00fckl\u0259m\u0259l\u0259r h\u0259yata ke\u00e7irilir. Y\u00fcks\u0259k keyfiyy\u0259t standartlar\u0131, illik istehsal h\u0259cmi 200 min tondan art\u0131qd\u0131r.","og_url":"https:\/\/www.azrpi.com\/az\/mu%c9%99ssis%c9%99-haqqinda\/mu%c9%99ssis%c9%99nin-inkisaf-tarixi\/","og_site_name":"Azerbaijan-Russian Joint Venture \u00abAzRosPromInvest\u00bb","article_modified_time":"2025-10-09T06:30:33+00:00","schema":{"@context":"https:\/\/schema.org","@graph":[{"@type":"WebPage","@id":"https:\/\/www.azrpi.com\/az\/mu%c9%99ssis%c9%99-haqqinda\/mu%c9%99ssis%c9%99nin-inkisaf-tarixi\/","url":"https:\/\/www.azrpi.com\/az\/mu%c9%99ssis%c9%99-haqqinda\/mu%c9%99ssis%c9%99nin-inkisaf-tarixi\/","name":"M\u00fc\u0259ssis\u0259nin inki\u015faf tarixi - Azerbaijan-Russian Joint Venture \u00abAzRosPromInvest\u00bb","isPartOf":{"@id":"https:\/\/www.azrpi.com\/az\/#website"},"datePublished":"2025-08-20T03:13:17+00:00","dateModified":"2025-10-09T06:30:33+00:00","description":"AzRosPromInvest 2006-c\u0131 ild\u0259n etibar\u0259n bentonit hasilat\u0131 v\u0259 emal\u0131 il\u0259 m\u0259\u015f\u011fuldur. MDB, Avropa \u0130ttifaq\u0131 v\u0259 Asiya \u00f6lk\u0259l\u0259rin\u0259 y\u00fckl\u0259m\u0259l\u0259r h\u0259yata ke\u00e7irilir. Y\u00fcks\u0259k keyfiyy\u0259t standartlar\u0131, illik istehsal h\u0259cmi 200 min tondan art\u0131qd\u0131r.","breadcrumb":{"@id":"https:\/\/www.azrpi.com\/az\/mu%c9%99ssis%c9%99-haqqinda\/mu%c9%99ssis%c9%99nin-inkisaf-tarixi\/#breadcrumb"},"inLanguage":"az","potentialAction":[{"@type":"ReadAction","target":["https:\/\/www.azrpi.com\/az\/mu%c9%99ssis%c9%99-haqqinda\/mu%c9%99ssis%c9%99nin-inkisaf-tarixi\/"]}]},{"@type":"BreadcrumbList","@id":"https:\/\/www.azrpi.com\/az\/mu%c9%99ssis%c9%99-haqqinda\/mu%c9%99ssis%c9%99nin-inkisaf-tarixi\/#breadcrumb","itemListElement":[{"@type":"ListItem","position":1,"name":"\u0413\u043b\u0430\u0432\u043d\u0430\u044f \u0441\u0442\u0440\u0430\u043d\u0438\u0446\u0430","item":"https:\/\/www.azrpi.com\/az\/az%c9%99rbaycan-rusiya-birg%c9%99-mu%c9%99ssis%c9%99si-azrosprominvest\/"},{"@type":"ListItem","position":2,"name":"M\u00fc\u0259ssis\u0259 haqq\u0131nda","item":"https:\/\/www.azrpi.com\/az\/mu%c9%99ssis%c9%99-haqqinda\/"},{"@type":"ListItem","position":3,"name":"M\u00fc\u0259ssis\u0259nin inki\u015faf tarixi"}]},{"@type":"WebSite","@id":"https:\/\/www.azrpi.com\/az\/#website","url":"https:\/\/www.azrpi.com\/az\/","name":"Azerbaijan-Russian Joint Venture \u00abAzRosPromInvest\u00bb","description":"","potentialAction":[{"@type":"SearchAction","target":{"@type":"EntryPoint","urlTemplate":"https:\/\/www.azrpi.com\/az\/?s={search_term_string}"},"query-input":{"@type":"PropertyValueSpecification","valueRequired":true,"valueName":"search_term_string"}}],"inLanguage":"az"}]}},"_links":{"self":[{"href":"https:\/\/www.azrpi.com\/az\/wp-json\/wp\/v2\/pages\/248","targetHints":{"allow":["GET"]}}],"collection":[{"href":"https:\/\/www.azrpi.com\/az\/wp-json\/wp\/v2\/pages"}],"about":[{"href":"https:\/\/www.azrpi.com\/az\/wp-json\/wp\/v2\/types\/page"}],"author":[{"embeddable":true,"href":"https:\/\/www.azrpi.com\/az\/wp-json\/wp\/v2\/users\/1"}],"replies":[{"embeddable":true,"href":"https:\/\/www.azrpi.com\/az\/wp-json\/wp\/v2\/comments?post=248"}],"version-history":[{"count":2,"href":"https:\/\/www.azrpi.com\/az\/wp-json\/wp\/v2\/pages\/248\/revisions"}],"predecessor-version":[{"id":517,"href":"https:\/\/www.azrpi.com\/az\/wp-json\/wp\/v2\/pages\/248\/revisions\/517"}],"up":[{"embeddable":true,"href":"https:\/\/www.azrpi.com\/az\/wp-json\/wp\/v2\/pages\/200"}],"wp:attachment":[{"href":"https:\/\/www.azrpi.com\/az\/wp-json\/wp\/v2\/media?parent=248"}],"curies":[{"name":"wp","href":"https:\/\/api.w.org\/{rel}","templated":true}]}}