{"id":301,"date":"2025-08-21T04:41:55","date_gmt":"2025-08-21T01:41:55","guid":{"rendered":"http:\/\/www.azrpi.com\/m%c9%99hsullar\/neft-v%c9%99-qaz-s%c9%99nayesi-ucun-bentonit\/"},"modified":"2025-10-13T05:31:44","modified_gmt":"2025-10-13T02:31:44","slug":"neft-v%c9%99-qaz-s%c9%99nayesi-ucun-bentonit","status":"publish","type":"page","link":"https:\/\/www.azrpi.com\/az\/m%c9%99hsullar\/neft-v%c9%99-qaz-s%c9%99nayesi-ucun-bentonit\/","title":{"rendered":"Neft v\u0259 qaz s\u0259nayesi \u00fc\u00e7\u00fcn bentonit"},"content":{"rendered":"\n<p>Bentonit neft v\u0259 qaz, geoloji k\u0259\u015ffiyyat v\u0259 dig\u0259r quyular\u0131n, h\u0259m\u00e7inin tunell\u0259rin v\u0259 ke\u00e7idl\u0259rin tikintisi \u00fc\u00e7\u00fcn qazma m\u0259hlullar\u0131n\u0131n y\u00fcks\u0259k dispersli gel \u0259m\u0259l\u0259 g\u0259tir\u0259n bazas\u0131d\u0131r. Bentonit suspenziyan\u0131n optimal struktur v\u0259 mexaniki xass\u0259l\u0259ri qaz\u0131lm\u0131\u015f s\u00fcxurlar\u0131n effektiv \u015f\u0259kild\u0259 \u00e7\u0131xar\u0131lmas\u0131n\u0131 t\u0259min edir, quyu divarlar\u0131n\u0131n dayan\u0131ql\u0131\u011f\u0131n\u0131 art\u0131r\u0131r v\u0259 tikinti i\u015fl\u0259rinin s\u00fcr\u0259tini art\u0131rma\u011fa k\u00f6m\u0259k edir.<\/p>\n\n<!--more-->\n\n<p>Bentonit gilinin xarakterik x\u00fcsusiyy\u0259ti onun tam ekoloji t\u0259hl\u00fck\u0259sizliyidir ki, bu da m\u00fcasir \u0259traf m\u00fchitin m\u00fchafiz\u0259si t\u0259l\u0259bl\u0259ri kontekstind\u0259 x\u00fcsusil\u0259 vacibdir.<\/p>\n\n<p>Bentonit qazma m\u0259hlulunun m\u00fch\u00fcm x\u00fcsusiyy\u0259ti odur ki, o, quyunun divarlar\u0131n\u0131 gill\u0259\u015fdirir, onlar\u0131n dayan\u0131ql\u0131\u011f\u0131n\u0131 t\u0259min edir. Qazma m\u0259hlulunun d\u00f6vriyy\u0259si dayand\u0131r\u0131ld\u0131qda, gilli suspenziya qaz\u0131lm\u0131\u015f s\u00fcxurun \u00e7\u00f6km\u0259sind\u0259n qoruyur, bu da quyuda \u201ct\u0131xaclar\u0131n\u201d \u0259m\u0259l\u0259 g\u0259lm\u0259sinin v\u0259 n\u0259tic\u0259d\u0259 q\u0259zalar\u0131n qar\u015f\u0131s\u0131n\u0131 al\u0131r. <\/p>\n\n<p>B\u0130Z\u0130M BENTON\u0130TL\u018f QAZMA M\u018fHLULU:<\/p>\n\n<ul class=\"wp-block-list\">\n<li>A\u015fa\u011f\u0131 qum t\u0259rkibin\u0259 malikdir, bu da qazma avadanl\u0131\u011f\u0131n\u0131n a\u015f\u0131nmas\u0131n\u0131 azald\u0131r.<\/li>\n\n\n\n<li>Optimal \u00f6zl\u00fc-plastik v\u0259 filtrasiya x\u00fcsusiyy\u0259tl\u0259rin\u0259 malikdir.<\/li>\n\n\n\n<li>Quyular\u0131n effektiv yuyulmas\u0131n\u0131 t\u0259min edir.<\/li>\n<\/ul>\n\n<p><strong>Neft v\u0259 qaz s\u0259nayesi \u00fc\u00e7\u00fcn a\u015fa\u011f\u0131dak\u0131 m\u0259hsullar istehsal olunur:<\/strong><\/p>\n\n<ul class=\"wp-block-list\">\n<li>Bentonit tozlar\u0131n markalar\u0131: PBMB &#8211; qazmada istifad\u0259 olunan b\u00fct\u00fcn \u0259n\u0259n\u0259vi reagentl\u0259rl\u0259 uy\u011fun g\u0259lir v\u0259 ekoloji c\u0259h\u0259td\u0259n t\u0259mizdir. PBMB markas\u0131nda m\u0259hlullar\u0131 qar\u0131\u015fd\u0131rark\u0259n flokulyasiyaya s\u0259b\u0259b ola bil\u0259n akril madd\u0259l\u0259r d\u0259 daxil olmaqla polimer \u0259lav\u0259l\u0259ri yoxdur.<\/li>\n\n\n\n<li>OCMA bentoniti ISO 13500 beyn\u0259lxalq keyfiyy\u0259t standart\u0131n\u0131n t\u0259l\u0259bl\u0259rin\u0259 cavab ver\u0259n qazma m\u0259hlullar\u0131n\u0131n haz\u0131rlanmas\u0131 \u00fc\u00e7\u00fcn istifad\u0259 olunur. OCMA markas\u0131n\u0131n x\u00fcsusi s\u0259th sah\u0259si o q\u0259d\u0259r b\u00f6y\u00fckd\u00fcr ki, 1 kq m\u0259hsulun t\u0259rkibind\u0259 olan mikroxallar t\u0259xmin\u0259n 70 futbol meydan\u00e7as\u0131n\u0131 \u0259hat\u0259 ed\u0259 bilir.<\/li>\n<\/ul>\n\n<figure class=\"wp-block-table\"><table class=\"has-fixed-layout\"><tbody><tr><td><strong>\u018fsas g\u00f6st\u0259ricil\u0259r<\/strong><\/td><td class=\"has-text-align-center\" data-align=\"center\"><strong>API <\/strong><strong>Spesifikasiya t\u0259l\u0259bl\u0259ri<\/strong><\/td><td class=\"has-text-align-center\" data-align=\"center\"><strong>Faktiki g\u00f6st\u0259ricil\u0259r<\/strong><\/td><\/tr><tr><td><strong>600 d\u00f6vr.\/d\u0259q-d\u0259 viskozimetrin g\u00f6st\u0259ri\u015fi<\/strong><\/td><td class=\"has-text-align-center\" data-align=\"center\">\u041cin 30<\/td><td class=\"has-text-align-center\" data-align=\"center\">32-35<\/td><\/tr><tr><td><strong>Dinamiki g\u0259rginlik\/plastik \u00f6z\u00fcl\u00fcl\u00fck<\/strong><\/td><td class=\"has-text-align-center\" data-align=\"center\">\u041c\u0430\u0445 6,0<\/td><td class=\"has-text-align-center\" data-align=\"center\">4.0-5.9<\/td><\/tr><tr><td><strong>Filtrat\u0131n h\u0259cmi<\/strong><\/td><td class=\"has-text-align-center\" data-align=\"center\">\u041c\u0430\u0445 16,0<\/td><td class=\"has-text-align-center\" data-align=\"center\">13.2-15.0<\/td><\/tr><tr><td><strong>75 m\u043a<\/strong> <strong>\u00f6l\u00e7\u00fcl\u00fc suspenziyan\u0131n \u0259l\u0259kd\u0259 qal\u0131\u011f\u0131<\/strong><\/td><td class=\"has-text-align-center\" data-align=\"center\">\u041c\u0430\u0445 2,5<\/td><td class=\"has-text-align-center\" data-align=\"center\">1.1-2.0<\/td><\/tr><\/tbody><\/table><\/figure>\n\n<p><\/p>\n","protected":false},"excerpt":{"rendered":"Bentonit neft v\u0259 qaz, geoloji k\u0259\u015ffiyyat v\u0259 dig\u0259r quyular\u0131n, h\u0259m\u00e7inin tunell\u0259rin v\u0259 ke\u00e7idl\u0259rin tikintisi \u00fc\u00e7\u00fcn qazma m\u0259hlullar\u0131n\u0131n y\u00fcks\u0259k dispersli gel \u0259m\u0259l\u0259 g\u0259tir\u0259n bazas\u0131d\u0131r. Bentonit suspenziyan\u0131n optimal struktur v\u0259 mexaniki xass\u0259l\u0259ri qaz\u0131lm\u0131\u015f s\u00fcxurlar\u0131n effektiv \u015f\u0259kild\u0259 \u00e7\u0131xar\u0131lmas\u0131n\u0131 t\u0259min edir, quyu divarlar\u0131n\u0131n dayan\u0131ql\u0131\u011f\u0131n\u0131 art\u0131r\u0131r v\u0259 tikinti i\u015fl\u0259rinin s\u00fcr\u0259tini art\u0131rma\u011fa k\u00f6m\u0259k edir.","protected":false},"author":1,"featured_media":0,"parent":239,"menu_order":4,"comment_status":"closed","ping_status":"closed","template":"page-product-icon.php","meta":{"_acf_changed":false,"footnotes":""},"class_list":["post-301","page","type-page","status-publish","hentry"],"acf":[],"yoast_head":"<!-- This site is optimized with the Yoast SEO plugin v26.1.1 - https:\/\/yoast.com\/wordpress\/plugins\/seo\/ -->\n<title>Neft v\u0259 qaz s\u0259nayesi \u00fc\u00e7\u00fcn bentonit - Azerbaijan-Russian Joint Venture \u00abAzRosPromInvest\u00bb<\/title>\n<meta name=\"description\" content=\"Bentonit tozlar\u0131 qazma i\u015fl\u0259ri \u00fc\u00e7\u00fcn \u2014 ekoloji c\u0259h\u0259td\u0259n t\u0259hl\u00fck\u0259siz, polimer v\u0259 akril \u0259lav\u0259l\u0259rind\u0259n azadd\u0131r. OCMA \u2014 ISO 13500 standart\u0131na uy\u011fun y\u00fcks\u0259k keyfiyy\u0259tli qazma m\u0259hluludur. Unikal dispersiya: 1 kq 70 futbol sah\u0259sini \u00f6rtm\u0259k \u00fc\u00e7\u00fcn kifay\u0259t edir.\" \/>\n<meta name=\"robots\" content=\"index, follow, max-snippet:-1, max-image-preview:large, max-video-preview:-1\" \/>\n<link rel=\"canonical\" href=\"https:\/\/www.azrpi.com\/az\/m%c9%99hsullar\/neft-v%c9%99-qaz-s%c9%99nayesi-ucun-bentonit\/\" \/>\n<meta property=\"og:locale\" content=\"az_AZ\" \/>\n<meta property=\"og:type\" content=\"article\" \/>\n<meta property=\"og:title\" content=\"Neft v\u0259 qaz s\u0259nayesi \u00fc\u00e7\u00fcn bentonit - Azerbaijan-Russian Joint Venture \u00abAzRosPromInvest\u00bb\" \/>\n<meta property=\"og:description\" content=\"Bentonit tozlar\u0131 qazma i\u015fl\u0259ri \u00fc\u00e7\u00fcn \u2014 ekoloji c\u0259h\u0259td\u0259n t\u0259hl\u00fck\u0259siz, polimer v\u0259 akril \u0259lav\u0259l\u0259rind\u0259n azadd\u0131r. OCMA \u2014 ISO 13500 standart\u0131na uy\u011fun y\u00fcks\u0259k keyfiyy\u0259tli qazma m\u0259hluludur. Unikal dispersiya: 1 kq 70 futbol sah\u0259sini \u00f6rtm\u0259k \u00fc\u00e7\u00fcn kifay\u0259t edir.\" \/>\n<meta property=\"og:url\" content=\"https:\/\/www.azrpi.com\/az\/m%c9%99hsullar\/neft-v%c9%99-qaz-s%c9%99nayesi-ucun-bentonit\/\" \/>\n<meta property=\"og:site_name\" content=\"Azerbaijan-Russian Joint Venture \u00abAzRosPromInvest\u00bb\" \/>\n<meta property=\"article:modified_time\" content=\"2025-10-13T02:31:44+00:00\" \/>\n<script type=\"application\/ld+json\" class=\"yoast-schema-graph\">{\"@context\":\"https:\/\/schema.org\",\"@graph\":[{\"@type\":\"WebPage\",\"@id\":\"https:\/\/www.azrpi.com\/az\/m%c9%99hsullar\/neft-v%c9%99-qaz-s%c9%99nayesi-ucun-bentonit\/\",\"url\":\"https:\/\/www.azrpi.com\/az\/m%c9%99hsullar\/neft-v%c9%99-qaz-s%c9%99nayesi-ucun-bentonit\/\",\"name\":\"Neft v\u0259 qaz s\u0259nayesi \u00fc\u00e7\u00fcn bentonit - Azerbaijan-Russian Joint Venture \u00abAzRosPromInvest\u00bb\",\"isPartOf\":{\"@id\":\"https:\/\/www.azrpi.com\/az\/#website\"},\"datePublished\":\"2025-08-21T01:41:55+00:00\",\"dateModified\":\"2025-10-13T02:31:44+00:00\",\"description\":\"Bentonit tozlar\u0131 qazma i\u015fl\u0259ri \u00fc\u00e7\u00fcn \u2014 ekoloji c\u0259h\u0259td\u0259n t\u0259hl\u00fck\u0259siz, polimer v\u0259 akril \u0259lav\u0259l\u0259rind\u0259n azadd\u0131r. OCMA \u2014 ISO 13500 standart\u0131na uy\u011fun y\u00fcks\u0259k keyfiyy\u0259tli qazma m\u0259hluludur. Unikal dispersiya: 1 kq 70 futbol sah\u0259sini \u00f6rtm\u0259k \u00fc\u00e7\u00fcn kifay\u0259t edir.\",\"breadcrumb\":{\"@id\":\"https:\/\/www.azrpi.com\/az\/m%c9%99hsullar\/neft-v%c9%99-qaz-s%c9%99nayesi-ucun-bentonit\/#breadcrumb\"},\"inLanguage\":\"az\",\"potentialAction\":[{\"@type\":\"ReadAction\",\"target\":[\"https:\/\/www.azrpi.com\/az\/m%c9%99hsullar\/neft-v%c9%99-qaz-s%c9%99nayesi-ucun-bentonit\/\"]}]},{\"@type\":\"BreadcrumbList\",\"@id\":\"https:\/\/www.azrpi.com\/az\/m%c9%99hsullar\/neft-v%c9%99-qaz-s%c9%99nayesi-ucun-bentonit\/#breadcrumb\",\"itemListElement\":[{\"@type\":\"ListItem\",\"position\":1,\"name\":\"\u0413\u043b\u0430\u0432\u043d\u0430\u044f \u0441\u0442\u0440\u0430\u043d\u0438\u0446\u0430\",\"item\":\"https:\/\/www.azrpi.com\/az\/az%c9%99rbaycan-rusiya-birg%c9%99-mu%c9%99ssis%c9%99si-azrosprominvest\/\"},{\"@type\":\"ListItem\",\"position\":2,\"name\":\"M\u0259hsullar\",\"item\":\"https:\/\/www.azrpi.com\/az\/m%c9%99hsullar\/\"},{\"@type\":\"ListItem\",\"position\":3,\"name\":\"Neft v\u0259 qaz s\u0259nayesi \u00fc\u00e7\u00fcn bentonit\"}]},{\"@type\":\"WebSite\",\"@id\":\"https:\/\/www.azrpi.com\/az\/#website\",\"url\":\"https:\/\/www.azrpi.com\/az\/\",\"name\":\"Azerbaijan-Russian Joint Venture \u00abAzRosPromInvest\u00bb\",\"description\":\"\",\"potentialAction\":[{\"@type\":\"SearchAction\",\"target\":{\"@type\":\"EntryPoint\",\"urlTemplate\":\"https:\/\/www.azrpi.com\/az\/?s={search_term_string}\"},\"query-input\":{\"@type\":\"PropertyValueSpecification\",\"valueRequired\":true,\"valueName\":\"search_term_string\"}}],\"inLanguage\":\"az\"}]}<\/script>\n<!-- \/ Yoast SEO plugin. -->","yoast_head_json":{"title":"Neft v\u0259 qaz s\u0259nayesi \u00fc\u00e7\u00fcn bentonit - Azerbaijan-Russian Joint Venture \u00abAzRosPromInvest\u00bb","description":"Bentonit tozlar\u0131 qazma i\u015fl\u0259ri \u00fc\u00e7\u00fcn \u2014 ekoloji c\u0259h\u0259td\u0259n t\u0259hl\u00fck\u0259siz, polimer v\u0259 akril \u0259lav\u0259l\u0259rind\u0259n azadd\u0131r. OCMA \u2014 ISO 13500 standart\u0131na uy\u011fun y\u00fcks\u0259k keyfiyy\u0259tli qazma m\u0259hluludur. Unikal dispersiya: 1 kq 70 futbol sah\u0259sini \u00f6rtm\u0259k \u00fc\u00e7\u00fcn kifay\u0259t edir.","robots":{"index":"index","follow":"follow","max-snippet":"max-snippet:-1","max-image-preview":"max-image-preview:large","max-video-preview":"max-video-preview:-1"},"canonical":"https:\/\/www.azrpi.com\/az\/m%c9%99hsullar\/neft-v%c9%99-qaz-s%c9%99nayesi-ucun-bentonit\/","og_locale":"az_AZ","og_type":"article","og_title":"Neft v\u0259 qaz s\u0259nayesi \u00fc\u00e7\u00fcn bentonit - Azerbaijan-Russian Joint Venture \u00abAzRosPromInvest\u00bb","og_description":"Bentonit tozlar\u0131 qazma i\u015fl\u0259ri \u00fc\u00e7\u00fcn \u2014 ekoloji c\u0259h\u0259td\u0259n t\u0259hl\u00fck\u0259siz, polimer v\u0259 akril \u0259lav\u0259l\u0259rind\u0259n azadd\u0131r. OCMA \u2014 ISO 13500 standart\u0131na uy\u011fun y\u00fcks\u0259k keyfiyy\u0259tli qazma m\u0259hluludur. Unikal dispersiya: 1 kq 70 futbol sah\u0259sini \u00f6rtm\u0259k \u00fc\u00e7\u00fcn kifay\u0259t edir.","og_url":"https:\/\/www.azrpi.com\/az\/m%c9%99hsullar\/neft-v%c9%99-qaz-s%c9%99nayesi-ucun-bentonit\/","og_site_name":"Azerbaijan-Russian Joint Venture \u00abAzRosPromInvest\u00bb","article_modified_time":"2025-10-13T02:31:44+00:00","schema":{"@context":"https:\/\/schema.org","@graph":[{"@type":"WebPage","@id":"https:\/\/www.azrpi.com\/az\/m%c9%99hsullar\/neft-v%c9%99-qaz-s%c9%99nayesi-ucun-bentonit\/","url":"https:\/\/www.azrpi.com\/az\/m%c9%99hsullar\/neft-v%c9%99-qaz-s%c9%99nayesi-ucun-bentonit\/","name":"Neft v\u0259 qaz s\u0259nayesi \u00fc\u00e7\u00fcn bentonit - Azerbaijan-Russian Joint Venture \u00abAzRosPromInvest\u00bb","isPartOf":{"@id":"https:\/\/www.azrpi.com\/az\/#website"},"datePublished":"2025-08-21T01:41:55+00:00","dateModified":"2025-10-13T02:31:44+00:00","description":"Bentonit tozlar\u0131 qazma i\u015fl\u0259ri \u00fc\u00e7\u00fcn \u2014 ekoloji c\u0259h\u0259td\u0259n t\u0259hl\u00fck\u0259siz, polimer v\u0259 akril \u0259lav\u0259l\u0259rind\u0259n azadd\u0131r. OCMA \u2014 ISO 13500 standart\u0131na uy\u011fun y\u00fcks\u0259k keyfiyy\u0259tli qazma m\u0259hluludur. Unikal dispersiya: 1 kq 70 futbol sah\u0259sini \u00f6rtm\u0259k \u00fc\u00e7\u00fcn kifay\u0259t edir.","breadcrumb":{"@id":"https:\/\/www.azrpi.com\/az\/m%c9%99hsullar\/neft-v%c9%99-qaz-s%c9%99nayesi-ucun-bentonit\/#breadcrumb"},"inLanguage":"az","potentialAction":[{"@type":"ReadAction","target":["https:\/\/www.azrpi.com\/az\/m%c9%99hsullar\/neft-v%c9%99-qaz-s%c9%99nayesi-ucun-bentonit\/"]}]},{"@type":"BreadcrumbList","@id":"https:\/\/www.azrpi.com\/az\/m%c9%99hsullar\/neft-v%c9%99-qaz-s%c9%99nayesi-ucun-bentonit\/#breadcrumb","itemListElement":[{"@type":"ListItem","position":1,"name":"\u0413\u043b\u0430\u0432\u043d\u0430\u044f \u0441\u0442\u0440\u0430\u043d\u0438\u0446\u0430","item":"https:\/\/www.azrpi.com\/az\/az%c9%99rbaycan-rusiya-birg%c9%99-mu%c9%99ssis%c9%99si-azrosprominvest\/"},{"@type":"ListItem","position":2,"name":"M\u0259hsullar","item":"https:\/\/www.azrpi.com\/az\/m%c9%99hsullar\/"},{"@type":"ListItem","position":3,"name":"Neft v\u0259 qaz s\u0259nayesi \u00fc\u00e7\u00fcn bentonit"}]},{"@type":"WebSite","@id":"https:\/\/www.azrpi.com\/az\/#website","url":"https:\/\/www.azrpi.com\/az\/","name":"Azerbaijan-Russian Joint Venture \u00abAzRosPromInvest\u00bb","description":"","potentialAction":[{"@type":"SearchAction","target":{"@type":"EntryPoint","urlTemplate":"https:\/\/www.azrpi.com\/az\/?s={search_term_string}"},"query-input":{"@type":"PropertyValueSpecification","valueRequired":true,"valueName":"search_term_string"}}],"inLanguage":"az"}]}},"_links":{"self":[{"href":"https:\/\/www.azrpi.com\/az\/wp-json\/wp\/v2\/pages\/301","targetHints":{"allow":["GET"]}}],"collection":[{"href":"https:\/\/www.azrpi.com\/az\/wp-json\/wp\/v2\/pages"}],"about":[{"href":"https:\/\/www.azrpi.com\/az\/wp-json\/wp\/v2\/types\/page"}],"author":[{"embeddable":true,"href":"https:\/\/www.azrpi.com\/az\/wp-json\/wp\/v2\/users\/1"}],"replies":[{"embeddable":true,"href":"https:\/\/www.azrpi.com\/az\/wp-json\/wp\/v2\/comments?post=301"}],"version-history":[{"count":4,"href":"https:\/\/www.azrpi.com\/az\/wp-json\/wp\/v2\/pages\/301\/revisions"}],"predecessor-version":[{"id":527,"href":"https:\/\/www.azrpi.com\/az\/wp-json\/wp\/v2\/pages\/301\/revisions\/527"}],"up":[{"embeddable":true,"href":"https:\/\/www.azrpi.com\/az\/wp-json\/wp\/v2\/pages\/239"}],"wp:attachment":[{"href":"https:\/\/www.azrpi.com\/az\/wp-json\/wp\/v2\/media?parent=301"}],"curies":[{"name":"wp","href":"https:\/\/api.w.org\/{rel}","templated":true}]}}