{"id":305,"date":"2025-08-21T04:44:26","date_gmt":"2025-08-21T01:44:26","guid":{"rendered":"http:\/\/www.azrpi.com\/m%c9%99hsullar\/k%c9%99nd-t%c9%99s%c9%99rrufati-ucun-bentonit\/"},"modified":"2025-09-19T07:57:26","modified_gmt":"2025-09-19T04:57:26","slug":"k%c9%99nd-t%c9%99s%c9%99rrufati-ucun-bentonit","status":"publish","type":"page","link":"https:\/\/www.azrpi.com\/az\/m%c9%99hsullar\/k%c9%99nd-t%c9%99s%c9%99rrufati-ucun-bentonit\/","title":{"rendered":"K\u0259nd t\u0259s\u0259rr\u00fcfat\u0131 \u00fc\u00e7\u00fcn bentonit"},"content":{"rendered":"\n<p>Bentonit k\u0259nd t\u0259s\u0259rr\u00fcfat\u0131nda mineral xammal kimi b\u00fct\u00fcn n\u00f6v k\u0259nd t\u0259s\u0259rr\u00fcfat\u0131 heyvanlar\u0131, o c\u00fcml\u0259d\u0259n qu\u015flar v\u0259 bal\u0131qlar \u00fc\u00e7\u00fcn yem \u0259lav\u0259l\u0259rinin, yem qar\u0131\u015f\u0131qlar\u0131n\u0131n istehsal\u0131nda komponent kimi istifad\u0259 olunur. Bentonit yemin h\u0259zmini yax\u015f\u0131la\u015fd\u0131r\u0131r, toxunulmazl\u0131\u011f\u0131 v\u0259 heyvanlar\u0131n orta g\u00fcnd\u0259lik \u00e7\u0259ki art\u0131m\u0131n\u0131 art\u0131rma\u011fa k\u00f6m\u0259k edir.<\/p>\n\n<!--more-->\n\n<p>Bentonit orqan v\u0259 toxumalar\u0131n proliferativ prosesl\u0259rind\u0259 f\u0259al i\u015ftirak edir, z\u00fclallar\u0131n biosintezini g\u00fccl\u0259ndirir, metabolik prosesl\u0259rin normalla\u015fmas\u0131na, qida madd\u0259l\u0259rinin, mikroelementl\u0259rin v\u0259 vitaminl\u0259rin daha yax\u015f\u0131 istifad\u0259 olunmas\u0131na k\u00f6m\u0259k edir, heyvan m\u0259hsuldarl\u0131\u011f\u0131n\u0131n stimulyatorudur. Yemi qranulla\u015fd\u0131rark\u0259n qranullar\u0131n m\u00f6hk\u0259mliyini art\u0131r\u0131r, istiliy\u0259 davaml\u0131d\u0131r.<\/p>\n\n<p>Bentonit y\u00fcks\u0259k adsorbsiya, katalitik v\u0259 ion m\u00fcbadil\u0259si aktivliyin\u0259 malikdir. Alkaloidl\u0259ri, boyalar\u0131, a\u011f\u0131r metallar\u0131, mikroorqanizml\u0259rin toksinl\u0259rini, nitratlar v\u0259 nitritl\u0259ri v\u0259 dig\u0259r z\u0259r\u0259rli madd\u0259l\u0259ri yax\u015f\u0131 adsorbsiya edir.<\/p>\n\n<p>Bundan \u0259lav\u0259, bentonit a\u015fa\u011f\u0131dak\u0131 sah\u0259l\u0259rd\u0259 geni\u015f istifad\u0259 olunur:<\/p>\n\n<ul class=\"wp-block-list\">\n<li><strong>Qurutma d\u00f6\u015f\u0259m\u0259l\u0259rinin istehsal\u0131nda <\/strong>\u2013 n\u0259m, patogenl\u0259r v\u0259 ammonyakla m\u00fcbariz\u0259 \u00fc\u00e7\u00fcn n\u0259z\u0259rd\u0259 tutulmu\u015fdur. Qurutma d\u00f6\u015f\u0259m\u0259si yeni do\u011fulmu\u015f heyvanlar\u0131n saxlanmas\u0131 \u00fc\u00e7\u00fcn sanitar-gigiyenik \u015f\u0259raiti yax\u015f\u0131la\u015fd\u0131r\u0131r v\u0259 i\u015f\u00e7il\u0259rin i\u015fini asanla\u015fd\u0131r\u0131r.<\/li>\n\n\n\n<li><strong>Torpa\u011f\u0131n meliorasiyas\u0131nda<\/strong> \u2013 bitkil\u0259r \u00fc\u00e7\u00fcn qida da\u015f\u0131y\u0131c\u0131s\u0131 kimi. R\u00fctub\u0259t v\u0259 qida madd\u0259l\u0259rini saxlamaq x\u00fcsusiyy\u0259tin\u0259 malik olan bentonit k\u00f6k zonas\u0131nda bitkil\u0259rin qidalanmas\u0131 \u00fc\u00e7\u00fcn \u0259lveri\u015fli m\u00fchit yarad\u0131r.<\/li>\n\n\n\n<li><strong>Toxumu qranulla\u015fd\u0131rmaq \u00fc\u00e7\u00fcn<\/strong> \u2013 Toxumlar bentonit gili v\u0259 su qar\u0131\u015f\u0131\u011f\u0131na b\u00fcr\u00fcn\u00fcr v\u0259 bu qar\u0131\u015f\u0131\u011f\u0131 ekstruziya n\u0259tic\u0259sind\u0259 top hal\u0131na g\u0259tirir. \u201cQranulyasiyadan\u201d sonra toxumlar\u0131 olan gil toplar\u0131 sah\u0259y\u0259 s\u0259p\u0259l\u0259nir.<\/li>\n<\/ul>\n","protected":false},"excerpt":{"rendered":"Bentonit k\u0259nd t\u0259s\u0259rr\u00fcfat\u0131nda mineral xammal kimi b\u00fct\u00fcn n\u00f6v k\u0259nd t\u0259s\u0259rr\u00fcfat\u0131 heyvanlar\u0131, o c\u00fcml\u0259d\u0259n qu\u015flar v\u0259 bal\u0131qlar \u00fc\u00e7\u00fcn yem \u0259lav\u0259l\u0259rinin, yem qar\u0131\u015f\u0131qlar\u0131n\u0131n istehsal\u0131nda komponent kimi istifad\u0259 olunur. Bentonit yemin h\u0259zmini yax\u015f\u0131la\u015fd\u0131r\u0131r, toxunulmazl\u0131\u011f\u0131 v\u0259 heyvanlar\u0131n orta g\u00fcnd\u0259lik \u00e7\u0259ki art\u0131m\u0131n\u0131 art\u0131rma\u011fa k\u00f6m\u0259k edir.","protected":false},"author":1,"featured_media":0,"parent":239,"menu_order":6,"comment_status":"closed","ping_status":"closed","template":"page-product-icon.php","meta":{"_acf_changed":false,"footnotes":""},"class_list":["post-305","page","type-page","status-publish","hentry"],"acf":[],"yoast_head":"<!-- This site is optimized with the Yoast SEO plugin v26.1.1 - https:\/\/yoast.com\/wordpress\/plugins\/seo\/ -->\n<title>K\u0259nd t\u0259s\u0259rr\u00fcfat\u0131 \u00fc\u00e7\u00fcn bentonit - Azerbaijan-Russian Joint Venture \u00abAzRosPromInvest\u00bb<\/title>\n<meta name=\"description\" content=\"K\u0259nd t\u0259s\u0259rr\u00fcfat\u0131 heyvanlar\u0131 v\u0259 qu\u015flar\u0131 \u00fc\u00e7\u00fcn yem \u0259lav\u0259si kimi bentonit, orqanizmd\u0259 mineral madd\u0259l\u0259rin \u00e7at\u0131\u015fmazl\u0131\u011f\u0131n\u0131 aradan qald\u0131r\u0131r, yemin h\u0259zmini yax\u015f\u0131la\u015fd\u0131r\u0131r, immuniteti art\u0131r\u0131r v\u0259 heyvanlar\u0131n orta g\u00fcnd\u0259lik \u00e7\u0259ki art\u0131m\u0131n\u0131 art\u0131r\u0131r\" \/>\n<meta name=\"robots\" content=\"index, follow, max-snippet:-1, max-image-preview:large, max-video-preview:-1\" \/>\n<link rel=\"canonical\" href=\"https:\/\/www.azrpi.com\/az\/m%c9%99hsullar\/k%c9%99nd-t%c9%99s%c9%99rrufati-ucun-bentonit\/\" \/>\n<meta property=\"og:locale\" content=\"az_AZ\" \/>\n<meta property=\"og:type\" content=\"article\" \/>\n<meta property=\"og:title\" content=\"K\u0259nd t\u0259s\u0259rr\u00fcfat\u0131 \u00fc\u00e7\u00fcn bentonit - Azerbaijan-Russian Joint Venture \u00abAzRosPromInvest\u00bb\" \/>\n<meta property=\"og:description\" content=\"K\u0259nd t\u0259s\u0259rr\u00fcfat\u0131 heyvanlar\u0131 v\u0259 qu\u015flar\u0131 \u00fc\u00e7\u00fcn yem \u0259lav\u0259si kimi bentonit, orqanizmd\u0259 mineral madd\u0259l\u0259rin \u00e7at\u0131\u015fmazl\u0131\u011f\u0131n\u0131 aradan qald\u0131r\u0131r, yemin h\u0259zmini yax\u015f\u0131la\u015fd\u0131r\u0131r, immuniteti art\u0131r\u0131r v\u0259 heyvanlar\u0131n orta g\u00fcnd\u0259lik \u00e7\u0259ki art\u0131m\u0131n\u0131 art\u0131r\u0131r\" \/>\n<meta property=\"og:url\" content=\"https:\/\/www.azrpi.com\/az\/m%c9%99hsullar\/k%c9%99nd-t%c9%99s%c9%99rrufati-ucun-bentonit\/\" \/>\n<meta property=\"og:site_name\" content=\"Azerbaijan-Russian Joint Venture \u00abAzRosPromInvest\u00bb\" \/>\n<meta property=\"article:modified_time\" content=\"2025-09-19T04:57:26+00:00\" \/>\n<script type=\"application\/ld+json\" class=\"yoast-schema-graph\">{\"@context\":\"https:\/\/schema.org\",\"@graph\":[{\"@type\":\"WebPage\",\"@id\":\"https:\/\/www.azrpi.com\/az\/m%c9%99hsullar\/k%c9%99nd-t%c9%99s%c9%99rrufati-ucun-bentonit\/\",\"url\":\"https:\/\/www.azrpi.com\/az\/m%c9%99hsullar\/k%c9%99nd-t%c9%99s%c9%99rrufati-ucun-bentonit\/\",\"name\":\"K\u0259nd t\u0259s\u0259rr\u00fcfat\u0131 \u00fc\u00e7\u00fcn bentonit - Azerbaijan-Russian Joint Venture \u00abAzRosPromInvest\u00bb\",\"isPartOf\":{\"@id\":\"https:\/\/www.azrpi.com\/az\/#website\"},\"datePublished\":\"2025-08-21T01:44:26+00:00\",\"dateModified\":\"2025-09-19T04:57:26+00:00\",\"description\":\"K\u0259nd t\u0259s\u0259rr\u00fcfat\u0131 heyvanlar\u0131 v\u0259 qu\u015flar\u0131 \u00fc\u00e7\u00fcn yem \u0259lav\u0259si kimi bentonit, orqanizmd\u0259 mineral madd\u0259l\u0259rin \u00e7at\u0131\u015fmazl\u0131\u011f\u0131n\u0131 aradan qald\u0131r\u0131r, yemin h\u0259zmini yax\u015f\u0131la\u015fd\u0131r\u0131r, immuniteti art\u0131r\u0131r v\u0259 heyvanlar\u0131n orta g\u00fcnd\u0259lik \u00e7\u0259ki art\u0131m\u0131n\u0131 art\u0131r\u0131r\",\"breadcrumb\":{\"@id\":\"https:\/\/www.azrpi.com\/az\/m%c9%99hsullar\/k%c9%99nd-t%c9%99s%c9%99rrufati-ucun-bentonit\/#breadcrumb\"},\"inLanguage\":\"az\",\"potentialAction\":[{\"@type\":\"ReadAction\",\"target\":[\"https:\/\/www.azrpi.com\/az\/m%c9%99hsullar\/k%c9%99nd-t%c9%99s%c9%99rrufati-ucun-bentonit\/\"]}]},{\"@type\":\"BreadcrumbList\",\"@id\":\"https:\/\/www.azrpi.com\/az\/m%c9%99hsullar\/k%c9%99nd-t%c9%99s%c9%99rrufati-ucun-bentonit\/#breadcrumb\",\"itemListElement\":[{\"@type\":\"ListItem\",\"position\":1,\"name\":\"\u0413\u043b\u0430\u0432\u043d\u0430\u044f \u0441\u0442\u0440\u0430\u043d\u0438\u0446\u0430\",\"item\":\"https:\/\/www.azrpi.com\/az\/az%c9%99rbaycan-rusiya-birg%c9%99-mu%c9%99ssis%c9%99si-azrosprominvest\/\"},{\"@type\":\"ListItem\",\"position\":2,\"name\":\"M\u0259hsullar\",\"item\":\"https:\/\/www.azrpi.com\/az\/m%c9%99hsullar\/\"},{\"@type\":\"ListItem\",\"position\":3,\"name\":\"K\u0259nd t\u0259s\u0259rr\u00fcfat\u0131 \u00fc\u00e7\u00fcn bentonit\"}]},{\"@type\":\"WebSite\",\"@id\":\"https:\/\/www.azrpi.com\/az\/#website\",\"url\":\"https:\/\/www.azrpi.com\/az\/\",\"name\":\"Azerbaijan-Russian Joint Venture \u00abAzRosPromInvest\u00bb\",\"description\":\"\",\"potentialAction\":[{\"@type\":\"SearchAction\",\"target\":{\"@type\":\"EntryPoint\",\"urlTemplate\":\"https:\/\/www.azrpi.com\/az\/?s={search_term_string}\"},\"query-input\":{\"@type\":\"PropertyValueSpecification\",\"valueRequired\":true,\"valueName\":\"search_term_string\"}}],\"inLanguage\":\"az\"}]}<\/script>\n<!-- \/ Yoast SEO plugin. -->","yoast_head_json":{"title":"K\u0259nd t\u0259s\u0259rr\u00fcfat\u0131 \u00fc\u00e7\u00fcn bentonit - Azerbaijan-Russian Joint Venture \u00abAzRosPromInvest\u00bb","description":"K\u0259nd t\u0259s\u0259rr\u00fcfat\u0131 heyvanlar\u0131 v\u0259 qu\u015flar\u0131 \u00fc\u00e7\u00fcn yem \u0259lav\u0259si kimi bentonit, orqanizmd\u0259 mineral madd\u0259l\u0259rin \u00e7at\u0131\u015fmazl\u0131\u011f\u0131n\u0131 aradan qald\u0131r\u0131r, yemin h\u0259zmini yax\u015f\u0131la\u015fd\u0131r\u0131r, immuniteti art\u0131r\u0131r v\u0259 heyvanlar\u0131n orta g\u00fcnd\u0259lik \u00e7\u0259ki art\u0131m\u0131n\u0131 art\u0131r\u0131r","robots":{"index":"index","follow":"follow","max-snippet":"max-snippet:-1","max-image-preview":"max-image-preview:large","max-video-preview":"max-video-preview:-1"},"canonical":"https:\/\/www.azrpi.com\/az\/m%c9%99hsullar\/k%c9%99nd-t%c9%99s%c9%99rrufati-ucun-bentonit\/","og_locale":"az_AZ","og_type":"article","og_title":"K\u0259nd t\u0259s\u0259rr\u00fcfat\u0131 \u00fc\u00e7\u00fcn bentonit - Azerbaijan-Russian Joint Venture \u00abAzRosPromInvest\u00bb","og_description":"K\u0259nd t\u0259s\u0259rr\u00fcfat\u0131 heyvanlar\u0131 v\u0259 qu\u015flar\u0131 \u00fc\u00e7\u00fcn yem \u0259lav\u0259si kimi bentonit, orqanizmd\u0259 mineral madd\u0259l\u0259rin \u00e7at\u0131\u015fmazl\u0131\u011f\u0131n\u0131 aradan qald\u0131r\u0131r, yemin h\u0259zmini yax\u015f\u0131la\u015fd\u0131r\u0131r, immuniteti art\u0131r\u0131r v\u0259 heyvanlar\u0131n orta g\u00fcnd\u0259lik \u00e7\u0259ki art\u0131m\u0131n\u0131 art\u0131r\u0131r","og_url":"https:\/\/www.azrpi.com\/az\/m%c9%99hsullar\/k%c9%99nd-t%c9%99s%c9%99rrufati-ucun-bentonit\/","og_site_name":"Azerbaijan-Russian Joint Venture \u00abAzRosPromInvest\u00bb","article_modified_time":"2025-09-19T04:57:26+00:00","schema":{"@context":"https:\/\/schema.org","@graph":[{"@type":"WebPage","@id":"https:\/\/www.azrpi.com\/az\/m%c9%99hsullar\/k%c9%99nd-t%c9%99s%c9%99rrufati-ucun-bentonit\/","url":"https:\/\/www.azrpi.com\/az\/m%c9%99hsullar\/k%c9%99nd-t%c9%99s%c9%99rrufati-ucun-bentonit\/","name":"K\u0259nd t\u0259s\u0259rr\u00fcfat\u0131 \u00fc\u00e7\u00fcn bentonit - Azerbaijan-Russian Joint Venture \u00abAzRosPromInvest\u00bb","isPartOf":{"@id":"https:\/\/www.azrpi.com\/az\/#website"},"datePublished":"2025-08-21T01:44:26+00:00","dateModified":"2025-09-19T04:57:26+00:00","description":"K\u0259nd t\u0259s\u0259rr\u00fcfat\u0131 heyvanlar\u0131 v\u0259 qu\u015flar\u0131 \u00fc\u00e7\u00fcn yem \u0259lav\u0259si kimi bentonit, orqanizmd\u0259 mineral madd\u0259l\u0259rin \u00e7at\u0131\u015fmazl\u0131\u011f\u0131n\u0131 aradan qald\u0131r\u0131r, yemin h\u0259zmini yax\u015f\u0131la\u015fd\u0131r\u0131r, immuniteti art\u0131r\u0131r v\u0259 heyvanlar\u0131n orta g\u00fcnd\u0259lik \u00e7\u0259ki art\u0131m\u0131n\u0131 art\u0131r\u0131r","breadcrumb":{"@id":"https:\/\/www.azrpi.com\/az\/m%c9%99hsullar\/k%c9%99nd-t%c9%99s%c9%99rrufati-ucun-bentonit\/#breadcrumb"},"inLanguage":"az","potentialAction":[{"@type":"ReadAction","target":["https:\/\/www.azrpi.com\/az\/m%c9%99hsullar\/k%c9%99nd-t%c9%99s%c9%99rrufati-ucun-bentonit\/"]}]},{"@type":"BreadcrumbList","@id":"https:\/\/www.azrpi.com\/az\/m%c9%99hsullar\/k%c9%99nd-t%c9%99s%c9%99rrufati-ucun-bentonit\/#breadcrumb","itemListElement":[{"@type":"ListItem","position":1,"name":"\u0413\u043b\u0430\u0432\u043d\u0430\u044f \u0441\u0442\u0440\u0430\u043d\u0438\u0446\u0430","item":"https:\/\/www.azrpi.com\/az\/az%c9%99rbaycan-rusiya-birg%c9%99-mu%c9%99ssis%c9%99si-azrosprominvest\/"},{"@type":"ListItem","position":2,"name":"M\u0259hsullar","item":"https:\/\/www.azrpi.com\/az\/m%c9%99hsullar\/"},{"@type":"ListItem","position":3,"name":"K\u0259nd t\u0259s\u0259rr\u00fcfat\u0131 \u00fc\u00e7\u00fcn bentonit"}]},{"@type":"WebSite","@id":"https:\/\/www.azrpi.com\/az\/#website","url":"https:\/\/www.azrpi.com\/az\/","name":"Azerbaijan-Russian Joint Venture \u00abAzRosPromInvest\u00bb","description":"","potentialAction":[{"@type":"SearchAction","target":{"@type":"EntryPoint","urlTemplate":"https:\/\/www.azrpi.com\/az\/?s={search_term_string}"},"query-input":{"@type":"PropertyValueSpecification","valueRequired":true,"valueName":"search_term_string"}}],"inLanguage":"az"}]}},"_links":{"self":[{"href":"https:\/\/www.azrpi.com\/az\/wp-json\/wp\/v2\/pages\/305","targetHints":{"allow":["GET"]}}],"collection":[{"href":"https:\/\/www.azrpi.com\/az\/wp-json\/wp\/v2\/pages"}],"about":[{"href":"https:\/\/www.azrpi.com\/az\/wp-json\/wp\/v2\/types\/page"}],"author":[{"embeddable":true,"href":"https:\/\/www.azrpi.com\/az\/wp-json\/wp\/v2\/users\/1"}],"replies":[{"embeddable":true,"href":"https:\/\/www.azrpi.com\/az\/wp-json\/wp\/v2\/comments?post=305"}],"version-history":[{"count":2,"href":"https:\/\/www.azrpi.com\/az\/wp-json\/wp\/v2\/pages\/305\/revisions"}],"predecessor-version":[{"id":475,"href":"https:\/\/www.azrpi.com\/az\/wp-json\/wp\/v2\/pages\/305\/revisions\/475"}],"up":[{"embeddable":true,"href":"https:\/\/www.azrpi.com\/az\/wp-json\/wp\/v2\/pages\/239"}],"wp:attachment":[{"href":"https:\/\/www.azrpi.com\/az\/wp-json\/wp\/v2\/media?parent=305"}],"curies":[{"name":"wp","href":"https:\/\/api.w.org\/{rel}","templated":true}]}}